{"id":329,"date":"2018-09-17T10:25:11","date_gmt":"2018-09-17T10:25:11","guid":{"rendered":"http:\/\/aksjonskomiteennokernok.ldp.no\/?page_id=329"},"modified":"2018-09-21T14:43:59","modified_gmt":"2018-09-21T12:43:59","slug":"duskusjonsforum","status":"publish","type":"page","link":"https:\/\/aksjonskomiteennokernok.no\/?page_id=329","title":{"rendered":"Diskusjonsforum"},"content":{"rendered":"\t\t<div data-elementor-type=\"wp-post\" data-elementor-id=\"329\" class=\"elementor elementor-329 elementor-bc-flex-widget\" data-elementor-post-type=\"page\">\n\t\t\t\t\t\t<section class=\"elementor-section elementor-top-section elementor-element elementor-element-00f4327 elementor-section-height-min-height elementor-section-boxed elementor-section-height-default elementor-section-items-middle\" data-id=\"00f4327\" data-element_type=\"section\">\n\t\t\t\t\t\t<div class=\"elementor-container elementor-column-gap-default\">\n\t\t\t\t\t<div class=\"elementor-column elementor-col-100 elementor-top-column elementor-element elementor-element-720c34f\" data-id=\"720c34f\" data-element_type=\"column\">\n\t\t\t<div class=\"elementor-widget-wrap elementor-element-populated\">\n\t\t\t\t\t\t<div class=\"elementor-element elementor-element-a1a40d1 elementor-widget elementor-widget-heading\" data-id=\"a1a40d1\" data-element_type=\"widget\" data-widget_type=\"heading.default\">\n\t\t\t\t<div class=\"elementor-widget-container\">\n\t\t\t\t\t<h1 class=\"elementor-heading-title elementor-size-default\">Diskusjonsforum<\/h1>\t\t\t\t<\/div>\n\t\t\t\t<\/div>\n\t\t\t\t<div class=\"elementor-element elementor-element-35e6be8 elementor-widget elementor-widget-heading\" data-id=\"35e6be8\" data-element_type=\"widget\" data-widget_type=\"heading.default\">\n\t\t\t\t<div class=\"elementor-widget-container\">\n\t\t\t\t\t<h2 class=\"elementor-heading-title elementor-size-default\">Bruk forumet for \u00e5 diskutere hvordan Aksjonskomit\u00e8en kan n\u00e5 sine m\u00e5l.<\/h2>\t\t\t\t<\/div>\n\t\t\t\t<\/div>\n\t\t\t\t<div class=\"elementor-element elementor-element-ffea938 elementor-widget elementor-widget-spacer\" data-id=\"ffea938\" data-element_type=\"widget\" data-widget_type=\"spacer.default\">\n\t\t\t\t<div class=\"elementor-widget-container\">\n\t\t\t\t\t\t\t<div class=\"elementor-spacer\">\n\t\t\t<div class=\"elementor-spacer-inner\"><\/div>\n\t\t<\/div>\n\t\t\t\t\t\t<\/div>\n\t\t\t\t<\/div>\n\t\t\t\t<div class=\"elementor-element elementor-element-483d948 elementor-widget elementor-widget-shortcode\" data-id=\"483d948\" data-element_type=\"widget\" data-widget_type=\"shortcode.default\">\n\t\t\t\t<div class=\"elementor-widget-container\">\n\t\t\t\t\t\t\t<div class=\"elementor-shortcode\"><div id=\"af-wrapper\"><div id=\"forum-header\"><div id=\"forum-navigation-mobile\"><a><span class=\"fas fa-bars\"><\/span>Meny<\/a><\/div><span class=\"screen-reader-text\">Forum-navigasjon<\/span><div id=\"forum-navigation\"><a class=\"home-link\" href=\"https:\/\/aksjonskomiteennokernok.no\/?page_id=329\" target=\"_self\">Forum<\/a><a class=\"members-link\" href=\"https:\/\/aksjonskomiteennokernok.no\/?page_id=329&#038;view=members\" target=\"_self\">Medlemmer<\/a><a class=\"login-link\" href=\"https:\/\/aksjonskomiteennokernok.no\/wp-login.php?redirect_to=https%3A%2F%2Faksjonskomiteennokernok.no%2Findex.php%3Frest_route%3D%252Fwp%252Fv2%252Fpages%252F329\" target=\"_self\">Logg inn<\/a><a class=\"register-link\" href=\"https:\/\/aksjonskomiteennokernok.no\/wp-login.php?action=register\" target=\"_self\">Registr\u00e9r<\/a><\/div><div id=\"forum-search\"><span class=\"search-icon fas fa-search\"><\/span><form method=\"get\" action=\"https:\/\/aksjonskomiteennokernok.no\/?page_id=329&#038;view=search\"><input name=\"view\" type=\"hidden\" value=\"search\"><input name=\"keywords\" type=\"search\" placeholder=\"S\u00f8k ...\" value=\"\"><\/form><\/div><div class=\"clear\"><\/div><\/div><div id=\"forum-breadcrumbs\" itemscope itemtype=\"http:\/\/schema.org\/BreadcrumbList\"><span class=\"screen-reader-text\">Forum-breadcrumbs - Du er her:<\/span><span class=\"breadcrumb-icon fas fa-home\"><\/span><span itemprop=\"itemListElement\" itemscope itemtype=\"https:\/\/schema.org\/ListItem\"><a itemprop=\"item\" href=\"https:\/\/aksjonskomiteennokernok.no\/?page_id=329\" title=\"Diskusjonsforum\"><span itemprop=\"name\">Diskusjonsforum<\/span><\/a><meta itemprop=\"position\" content=\"1\"><\/span><span class=\"breadcrumb-icon fas fa-chevron-right separator\"><\/span><\/div><h1 class=\"main-title main-title-\">Diskusjonsforum<\/h1><div class=\"title-element\" id=\"forum-category-32\">Example Category<span class=\"last-post-headline\">Siste innlegg<\/span><\/div><div class=\"content-container\"><div class=\"content-element forum\" id=\"forum-2\"><div class=\"forum-status unread\"><i class=\"fas fa-comments\"><\/i><\/div><div class=\"forum-name\"><a class=\"forum-title\" href=\"https:\/\/aksjonskomiteennokernok.no\/?page_id=329&#038;view=forum&#038;id=2\">Diskusjonsforum Aksjonskomit\u00e8en<\/a><small class=\"forum-stats\">1 Emne&nbsp;&middot;&nbsp;1 innlegg<\/small><small class=\"forum-lastpost-small\">Siste innlegg:&nbsp;<a href=\"https:\/\/aksjonskomiteennokernok.no\/?page_id=329&#038;view=topic&#038;id=1#postid-1\">Noen avklaringer<\/a>&nbsp;&middot;&nbsp;<a href=\"https:\/\/aksjonskomiteennokernok.no\/?page_id=329&#038;view=topic&#038;id=1#postid-1\">8 \u00e5r siden<\/a>&nbsp;&middot;&nbsp;<a class=\"profile-link highlight-admin\" href=\"#\">Nordlo_admin<\/a><\/small><\/div><div class=\"forum-poster\"><div class=\"forum-poster-avatar\"><img alt='' src='https:\/\/secure.gravatar.com\/avatar\/9b3b482090804c05f7fc05302e6aa309a4cc1c07a3c54eb55f703962dcf17ed5?s=40&#038;d=mm&#038;r=g' srcset='https:\/\/secure.gravatar.com\/avatar\/9b3b482090804c05f7fc05302e6aa309a4cc1c07a3c54eb55f703962dcf17ed5?s=80&#038;d=mm&#038;r=g 2x' class='avatar avatar-40 photo' height='40' width='40' \/><\/div><div class=\"forum-poster-summary\"><a href=\"https:\/\/aksjonskomiteennokernok.no\/?page_id=329&#038;view=topic&#038;id=1#postid-1\">Noen avklaringer<\/a><br><small><a href=\"https:\/\/aksjonskomiteennokernok.no\/?page_id=329&#038;view=topic&#038;id=1#postid-1\">8 \u00e5r siden<\/a><span>&nbsp;&middot;&nbsp;<\/span><a class=\"profile-link highlight-admin\" href=\"#\">Nordlo_admin<\/a><\/small><\/div><\/div><\/div><\/div><div id=\"read-unread\"><span class=\"indicator unread\"><\/span><span class=\"indicator-label\">Nye innlegg<\/span><span class=\"indicator read\"><\/span><span class=\"indicator-label\">Ingenting nytt<\/span><span class=\"indicator-label\"><span class=\"fas fa-check\"><\/span><a href=\"https:\/\/aksjonskomiteennokernok.no\/?page_id=329&#038;view=markallread&#038;_wpnonce=4d15d44203\">Merk alle som lest<\/a><\/span><span class=\"indicator-label\"><span class=\"fas fa-history\"><\/span><a href=\"https:\/\/aksjonskomiteennokernok.no\/?page_id=329&#038;view=unread\">Vis uleste emner<\/a><\/span><div class=\"clear\"><\/div><\/div><div id=\"statistics\"><div class=\"title-element title-element-dark\"><span class=\"title-element-icon fas fa-chart-pie\"><\/span>Statistikk<\/div><div id=\"statistics-body\"><div id=\"statistics-elements\"><div class=\"statistics-element\"><div class=\"element-number\"><span class=\"statistics-element-icon far fa-comments\"><\/span>1<\/div><div class=\"element-name\">Emner<\/div><\/div><div class=\"statistics-element\"><div class=\"element-number\"><span class=\"statistics-element-icon far fa-comment\"><\/span>1<\/div><div class=\"element-name\">Innlegg<\/div><\/div><div class=\"statistics-element\"><div class=\"element-number\"><span class=\"statistics-element-icon far fa-eye\"><\/span>527<\/div><div class=\"element-name\">Visninger<\/div><\/div><div class=\"statistics-element\"><div class=\"element-number\"><span class=\"statistics-element-icon far fa-user\"><\/span>4<\/div><div class=\"element-name\">Brukere<\/div><\/div><div class=\"statistics-element\"><div class=\"element-number\"><span class=\"statistics-element-icon far fa-lightbulb\"><\/span>0<\/div><div class=\"element-name\">P\u00e5logget<\/div><\/div><\/div><div id=\"statistics-online-users\"><span class=\"online-users-icon fas fa-user\"><\/span>Nyeste medlem:&nbsp;<i><a class=\"profile-link highlight-admin\" href=\"#\">Kjell H\u00e6ggernes<\/a><\/i>&nbsp;&middot;&nbsp;<span class=\"online-users-icon fas fa-users\"><\/span><i>For \u00f8yeblikket er ingen online.<\/i><\/div><\/div><div class=\"clear\"><\/div><\/div><div id=\"bottom-navigation\"><\/div><div class=\"clear\"><\/div><\/div><\/div>\n\t\t\t\t\t\t<\/div>\n\t\t\t\t<\/div>\n\t\t\t\t<div class=\"elementor-element elementor-element-d94e3f9 elementor-widget elementor-widget-spacer\" data-id=\"d94e3f9\" data-element_type=\"widget\" data-widget_type=\"spacer.default\">\n\t\t\t\t<div class=\"elementor-widget-container\">\n\t\t\t\t\t\t\t<div class=\"elementor-spacer\">\n\t\t\t<div class=\"elementor-spacer-inner\"><\/div>\n\t\t<\/div>\n\t\t\t\t\t\t<\/div>\n\t\t\t\t<\/div>\n\t\t\t\t\t<\/div>\n\t\t<\/div>\n\t\t\t\t\t<\/div>\n\t\t<\/section>\n\t\t\t\t<\/div>\n\t\t","protected":false},"excerpt":{"rendered":"<p>Diskusjonsforum Bruk forumet for \u00e5 diskutere hvordan Aksjonskomit\u00e8en kan n\u00e5 sine m\u00e5l.<\/p>\n","protected":false},"author":1,"featured_media":0,"parent":0,"menu_order":0,"comment_status":"closed","ping_status":"closed","template":"","meta":{"_bbp_topic_count":0,"_bbp_reply_count":0,"_bbp_total_topic_count":0,"_bbp_total_reply_count":0,"_bbp_voice_count":0,"_bbp_anonymous_reply_count":0,"_bbp_topic_count_hidden":0,"_bbp_reply_count_hidden":0,"_bbp_forum_subforum_count":0,"ocean_post_layout":"full-width","ocean_both_sidebars_style":"","ocean_both_sidebars_content_width":0,"ocean_both_sidebars_sidebars_width":0,"ocean_sidebar":"0","ocean_second_sidebar":"0","ocean_disable_margins":"on","ocean_add_body_class":"","ocean_shortcode_before_top_bar":"","ocean_shortcode_after_top_bar":"","ocean_shortcode_before_header":"","ocean_shortcode_after_header":"","ocean_has_shortcode":"","ocean_shortcode_after_title":"","ocean_shortcode_before_footer_widgets":"","ocean_shortcode_after_footer_widgets":"","ocean_shortcode_before_footer_bottom":"","ocean_shortcode_after_footer_bottom":"","ocean_display_top_bar":"default","ocean_display_header":"default","ocean_header_style":"","ocean_center_header_left_menu":"0","ocean_custom_header_template":"0","ocean_custom_logo":0,"ocean_custom_retina_logo":0,"ocean_custom_logo_max_width":0,"ocean_custom_logo_tablet_max_width":0,"ocean_custom_logo_mobile_max_width":0,"ocean_custom_logo_max_height":0,"ocean_custom_logo_tablet_max_height":0,"ocean_custom_logo_mobile_max_height":0,"ocean_header_custom_menu":"0","ocean_menu_typo_font_family":"0","ocean_menu_typo_font_subset":"","ocean_menu_typo_font_size":0,"ocean_menu_typo_font_size_tablet":0,"ocean_menu_typo_font_size_mobile":0,"ocean_menu_typo_font_size_unit":"px","ocean_menu_typo_font_weight":"","ocean_menu_typo_font_weight_tablet":"","ocean_menu_typo_font_weight_mobile":"","ocean_menu_typo_transform":"","ocean_menu_typo_transform_tablet":"","ocean_menu_typo_transform_mobile":"","ocean_menu_typo_line_height":0,"ocean_menu_typo_line_height_tablet":0,"ocean_menu_typo_line_height_mobile":0,"ocean_menu_typo_line_height_unit":"","ocean_menu_typo_spacing":0,"ocean_menu_typo_spacing_tablet":0,"ocean_menu_typo_spacing_mobile":0,"ocean_menu_typo_spacing_unit":"","ocean_menu_link_color":"","ocean_menu_link_color_hover":"","ocean_menu_link_color_active":"","ocean_menu_link_background":"","ocean_menu_link_hover_background":"","ocean_menu_link_active_background":"","ocean_menu_social_links_bg":"","ocean_menu_social_hover_links_bg":"","ocean_menu_social_links_color":"","ocean_menu_social_hover_links_color":"","ocean_disable_title":"default","ocean_disable_heading":"default","ocean_post_title":"","ocean_post_subheading":"","ocean_post_title_style":"","ocean_post_title_background_color":"","ocean_post_title_background":0,"ocean_post_title_bg_image_position":"","ocean_post_title_bg_image_attachment":"","ocean_post_title_bg_image_repeat":"","ocean_post_title_bg_image_size":"","ocean_post_title_height":0,"ocean_post_title_bg_overlay":0.5,"ocean_post_title_bg_overlay_color":"","ocean_disable_breadcrumbs":"default","ocean_breadcrumbs_color":"","ocean_breadcrumbs_separator_color":"","ocean_breadcrumbs_links_color":"","ocean_breadcrumbs_links_hover_color":"","ocean_display_footer_widgets":"default","ocean_display_footer_bottom":"default","ocean_custom_footer_template":"0","footnotes":""},"class_list":["post-329","page","type-page","status-publish","hentry","entry"],"_links":{"self":[{"href":"https:\/\/aksjonskomiteennokernok.no\/index.php?rest_route=\/wp\/v2\/pages\/329","targetHints":{"allow":["GET"]}}],"collection":[{"href":"https:\/\/aksjonskomiteennokernok.no\/index.php?rest_route=\/wp\/v2\/pages"}],"about":[{"href":"https:\/\/aksjonskomiteennokernok.no\/index.php?rest_route=\/wp\/v2\/types\/page"}],"author":[{"embeddable":true,"href":"https:\/\/aksjonskomiteennokernok.no\/index.php?rest_route=\/wp\/v2\/users\/1"}],"replies":[{"embeddable":true,"href":"https:\/\/aksjonskomiteennokernok.no\/index.php?rest_route=%2Fwp%2Fv2%2Fcomments&post=329"}],"version-history":[{"count":13,"href":"https:\/\/aksjonskomiteennokernok.no\/index.php?rest_route=\/wp\/v2\/pages\/329\/revisions"}],"predecessor-version":[{"id":567,"href":"https:\/\/aksjonskomiteennokernok.no\/index.php?rest_route=\/wp\/v2\/pages\/329\/revisions\/567"}],"wp:attachment":[{"href":"https:\/\/aksjonskomiteennokernok.no\/index.php?rest_route=%2Fwp%2Fv2%2Fmedia&parent=329"}],"curies":[{"name":"wp","href":"https:\/\/api.w.org\/{rel}","templated":true}]}}